{"id":112312,"date":"2025-01-23T11:19:18","date_gmt":"2025-01-23T10:19:18","guid":{"rendered":"https:\/\/globalsew.com\/?post_type=product&#038;p=112312"},"modified":"2025-12-17T16:31:23","modified_gmt":"2025-12-17T15:31:23","slug":"bt-1000-x-600-360","status":"publish","type":"product","link":"https:\/\/globalsew.com\/de\/product\/bt-1000-x-600-360\/","title":{"rendered":"BT 1000 X 600-360"},"content":{"rendered":"<div class=\"wpb-content-wrapper\"><div class=\"vc_row wpb_row vc_row-fluid\"><div class=\"wpb_column vc_column_container vc_col-sm-12\"><div class=\"vc_column-inner\"><div class=\"wpb_wrapper\">\n\t<div class=\"wpb_text_column wpb_content_element\" >\n\t\t<div class=\"wpb_wrapper\">\n\t\t\t<p><strong>BT 1000\u00d7600-360<\/strong><br \/>\nDiese programmierbare Mustern\u00e4hmaschine ist f\u00fcr schwere Materialien geeignet und verf\u00fcgt \u00fcber eine 360-Grad-Drehung des Maschinenkopfes und der Greifereinheit, die beide die N\u00e4hrichtung einstellen. Dank dieser Konstruktion nimmt die Maschine den Stich pr\u00e4zise und eliminiert das Risiko des Stichauslassens, unabh\u00e4ngig von der N\u00e4hrichtung.<\/p>\n<p>Die Konstruktion der Maschine erm\u00f6glicht das Anheben des N\u00e4hkopfes, der bei der Herstellung von Taschen, Automobilen, Schuhen und vielem mehr verwendet wird. Die Schablone kann an jedes Design angepasst werden, je nach N\u00e4hmuster.<\/p>\n<p>Technische Daten:<br \/>\n* 360-Grad-Drehung des Maschinenkopfes und der Greifereinheit - beide passen sich der N\u00e4hrichtung an.<br \/>\n* Eingebaute schnelle und pr\u00e4zise Schrittmotoren, die f\u00fcr den N\u00e4hkopf, die Greifereinheit und die Arbeit der Schiene in der X- und Y-Achse f\u00fcr den Antrieb der Nadelstange verantwortlich sind.<br \/>\n* 7-Zoll-LCD-Touch-Panel mit USB-Anschluss zur Daten\u00fcbertragung und Speicherung von bis zu 999 Mustern im internen Speicher.<br \/>\n* Max. Stichanzahl im Muster in 20.000 Stichen.<br \/>\n* Editieren von bereits vorhandenen sowie programmierten Mustern.<br \/>\n* Automatischer Start-Stopp-Schalter, Pause\/Weiter-Funktion.<br \/>\n* Drehwinkel in 0,05-Grad-Schritten programmierbar.<br \/>\n* Automatischer Fadenabschneider<br \/>\n* Sicherheitsstich und Fadenbrucherkennung<br \/>\n* Stichl\u00e4nge 0,5 - 12,7 mm<br \/>\n* Externe Spulmaschine<\/p>\n<p>&nbsp;<\/p>\n\n\t\t<\/div>\n\t<\/div>\n<\/div><\/div><\/div><\/div>\n<\/div>","protected":false},"excerpt":{"rendered":"<p>Downloads finden Sie auf unserer Download-Seite f\u00fcr die <a class=\"download-link\" href=\"https:\/\/globalsew.com\/de\/herunterladen\/bt-serie-elektronische-riegelmaschinen-programmierbare-musternahmaschinen-nur-broschuren\/\">BT-Serie<\/a>.<\/p>\n<p>Die Produktspezifikationen f\u00fcr das BT 1000\u00d7600-360 sind:<\/p>\n<ul>\n<li>Kompletter Tisch, St\u00e4nder und Motor<\/li>\n<li>Maschinendrehzahl: 200 - 2400 RPM<\/li>\n<li>Vorschubsystem: durch Impulsmotor (X-Y-Z)<\/li>\n<li>Hakentyp: Drehhaken mit doppelter Gr\u00f6\u00dfe<\/li>\n<li>Stichl\u00e4nge: 0,1 - 12,7 mm<\/li>\n<li>Presserfu\u00dfhub: max. 16 mm<\/li>\n<li>Klammerhub: bis zu 20 mm (pneumatisch)<\/li>\n<li>Nadeltyp: 135\u00d717<\/li>\n<li>Bereich N\u00e4hen: 1000 x 600 mm<\/li>\n<li>Stromquelle: 240 V, 1 Phase, 50 - 60 Hz, Direktantrieb AC-Servomotor<\/li>\n<\/ul>","protected":false},"featured_media":110233,"template":"","meta":{"_acf_changed":false},"product_brand":[],"product_cat":[157,97,122,25,63],"product_tag":[],"class_list":{"0":"post-112312","1":"product","2":"type-product","3":"status-publish","4":"has-post-thumbnail","6":"product_cat-pattern-sewing-machines-upholstery","7":"product_cat-pattern-sewing-machines","8":"product_cat-shoe-machines","9":"product_cat-shoes","10":"product_cat-upholstery","11":"tm-has-options","13":"first","14":"instock","15":"shipping-taxable","16":"purchasable","17":"product-type-simple"},"acf":[],"gallery_images":[110233,110234,110236,110237,110238],"yoast_head":"<!-- This site is optimized with the Yoast SEO plugin v27.3 - https:\/\/yoast.com\/product\/yoast-seo-wordpress\/ -->\n<title>BT 1000 X 600-360 - Global International B.V.<\/title>\n<meta name=\"robots\" content=\"index, follow, max-snippet:-1, max-image-preview:large, max-video-preview:-1\" \/>\n<link rel=\"canonical\" href=\"https:\/\/globalsew.com\/de\/produkt\/bt-1000-x-600-360\/\" \/>\n<meta property=\"og:locale\" content=\"de_DE\" \/>\n<meta property=\"og:type\" content=\"article\" \/>\n<meta property=\"og:title\" content=\"BT 1000 X 600-360 - Global International B.V.\" \/>\n<meta property=\"og:description\" content=\"For downloads see our downloads page for the BT Series.  The product specifications for the BT 1000x600-360 are:   Complete table, stand and motor  Machine speed: 200 - 2400 RPM  Feeding system: by pulse motor (X-Y-Z)  Hook type: Double size rotary hook  Stitch length: 0,1 - 12,7 mm  Presser foot lift: max 16 mm  Clamp lift: up to 20 mm (pneumatic)  Needle type: 135x17  Sewing range: 1000 x 600 mm  Power source: 240 V,\u00a0 1 phase, 50 - 60 Hz, direct drive AC servomotor\" \/>\n<meta property=\"og:url\" content=\"https:\/\/globalsew.com\/de\/produkt\/bt-1000-x-600-360\/\" \/>\n<meta property=\"og:site_name\" content=\"Global International B.V.\" \/>\n<meta property=\"article:modified_time\" content=\"2025-12-17T15:31:23+00:00\" \/>\n<meta property=\"og:image\" content=\"https:\/\/globalsew.com\/wp-content\/uploads\/2024\/06\/products-BT-1000X600-05-global-1080-website-2024.jpg\" \/>\n\t<meta property=\"og:image:width\" content=\"1819\" \/>\n\t<meta property=\"og:image:height\" content=\"1080\" \/>\n\t<meta property=\"og:image:type\" content=\"image\/jpeg\" \/>\n<meta name=\"twitter:card\" content=\"summary_large_image\" \/>\n<meta name=\"twitter:label1\" content=\"Gesch\u00e4tzte Lesezeit\" \/>\n\t<meta name=\"twitter:data1\" content=\"1\u00a0Minute\" \/>\n<script type=\"application\/ld+json\" class=\"yoast-schema-graph\">{\"@context\":\"https:\\\/\\\/schema.org\",\"@graph\":[{\"@type\":\"WebPage\",\"@id\":\"https:\\\/\\\/globalsew.com\\\/product\\\/bt-1000-x-600-360\\\/\",\"url\":\"https:\\\/\\\/globalsew.com\\\/product\\\/bt-1000-x-600-360\\\/\",\"name\":\"BT 1000 X 600-360 - Global International B.V.\",\"isPartOf\":{\"@id\":\"https:\\\/\\\/globalsew.com\\\/#website\"},\"primaryImageOfPage\":{\"@id\":\"https:\\\/\\\/globalsew.com\\\/product\\\/bt-1000-x-600-360\\\/#primaryimage\"},\"image\":{\"@id\":\"https:\\\/\\\/globalsew.com\\\/product\\\/bt-1000-x-600-360\\\/#primaryimage\"},\"thumbnailUrl\":\"https:\\\/\\\/globalsew.com\\\/wp-content\\\/uploads\\\/2024\\\/06\\\/products-BT-1000X600-05-global-1080-website-2024.jpg\",\"datePublished\":\"2025-01-23T10:19:18+00:00\",\"dateModified\":\"2025-12-17T15:31:23+00:00\",\"breadcrumb\":{\"@id\":\"https:\\\/\\\/globalsew.com\\\/product\\\/bt-1000-x-600-360\\\/#breadcrumb\"},\"inLanguage\":\"de\",\"potentialAction\":[{\"@type\":\"ReadAction\",\"target\":[\"https:\\\/\\\/globalsew.com\\\/product\\\/bt-1000-x-600-360\\\/\"]}]},{\"@type\":\"ImageObject\",\"inLanguage\":\"de\",\"@id\":\"https:\\\/\\\/globalsew.com\\\/product\\\/bt-1000-x-600-360\\\/#primaryimage\",\"url\":\"https:\\\/\\\/globalsew.com\\\/wp-content\\\/uploads\\\/2024\\\/06\\\/products-BT-1000X600-05-global-1080-website-2024.jpg\",\"contentUrl\":\"https:\\\/\\\/globalsew.com\\\/wp-content\\\/uploads\\\/2024\\\/06\\\/products-BT-1000X600-05-global-1080-website-2024.jpg\",\"width\":1819,\"height\":1080,\"caption\":\"products-BT-1000X600-05-global-1080-website-2024\"},{\"@type\":\"BreadcrumbList\",\"@id\":\"https:\\\/\\\/globalsew.com\\\/product\\\/bt-1000-x-600-360\\\/#breadcrumb\",\"itemListElement\":[{\"@type\":\"ListItem\",\"position\":1,\"name\":\"Home\",\"item\":\"https:\\\/\\\/globalsew.com\\\/\"},{\"@type\":\"ListItem\",\"position\":2,\"name\":\"Products\",\"item\":\"https:\\\/\\\/globalsew.com\\\/products\\\/\"},{\"@type\":\"ListItem\",\"position\":3,\"name\":\"BT 1000 X 600-360\"}]},{\"@type\":\"WebSite\",\"@id\":\"https:\\\/\\\/globalsew.com\\\/#website\",\"url\":\"https:\\\/\\\/globalsew.com\\\/\",\"name\":\"Global International B.V.\",\"description\":\"Industrial Sewing Machines\",\"potentialAction\":[{\"@type\":\"SearchAction\",\"target\":{\"@type\":\"EntryPoint\",\"urlTemplate\":\"https:\\\/\\\/globalsew.com\\\/?s={search_term_string}\"},\"query-input\":{\"@type\":\"PropertyValueSpecification\",\"valueRequired\":true,\"valueName\":\"search_term_string\"}}],\"inLanguage\":\"de\"}]}<\/script>\n<!-- \/ Yoast SEO plugin. -->","yoast_head_json":{"title":"BT 1000 X 600-360 - Global International B.V.","robots":{"index":"index","follow":"follow","max-snippet":"max-snippet:-1","max-image-preview":"max-image-preview:large","max-video-preview":"max-video-preview:-1"},"canonical":"https:\/\/globalsew.com\/de\/produkt\/bt-1000-x-600-360\/","og_locale":"de_DE","og_type":"article","og_title":"BT 1000 X 600-360 - Global International B.V.","og_description":"For downloads see our downloads page for the BT Series.  The product specifications for the BT 1000x600-360 are:   Complete table, stand and motor  Machine speed: 200 - 2400 RPM  Feeding system: by pulse motor (X-Y-Z)  Hook type: Double size rotary hook  Stitch length: 0,1 - 12,7 mm  Presser foot lift: max 16 mm  Clamp lift: up to 20 mm (pneumatic)  Needle type: 135x17  Sewing range: 1000 x 600 mm  Power source: 240 V,\u00a0 1 phase, 50 - 60 Hz, direct drive AC servomotor","og_url":"https:\/\/globalsew.com\/de\/produkt\/bt-1000-x-600-360\/","og_site_name":"Global International B.V.","article_modified_time":"2025-12-17T15:31:23+00:00","og_image":[{"width":1819,"height":1080,"url":"https:\/\/globalsew.com\/wp-content\/uploads\/2024\/06\/products-BT-1000X600-05-global-1080-website-2024.jpg","type":"image\/jpeg"}],"twitter_card":"summary_large_image","twitter_misc":{"Gesch\u00e4tzte Lesezeit":"1\u00a0Minute"},"schema":{"@context":"https:\/\/schema.org","@graph":[{"@type":"WebPage","@id":"https:\/\/globalsew.com\/product\/bt-1000-x-600-360\/","url":"https:\/\/globalsew.com\/product\/bt-1000-x-600-360\/","name":"BT 1000 X 600-360 - Global International B.V.","isPartOf":{"@id":"https:\/\/globalsew.com\/#website"},"primaryImageOfPage":{"@id":"https:\/\/globalsew.com\/product\/bt-1000-x-600-360\/#primaryimage"},"image":{"@id":"https:\/\/globalsew.com\/product\/bt-1000-x-600-360\/#primaryimage"},"thumbnailUrl":"https:\/\/globalsew.com\/wp-content\/uploads\/2024\/06\/products-BT-1000X600-05-global-1080-website-2024.jpg","datePublished":"2025-01-23T10:19:18+00:00","dateModified":"2025-12-17T15:31:23+00:00","breadcrumb":{"@id":"https:\/\/globalsew.com\/product\/bt-1000-x-600-360\/#breadcrumb"},"inLanguage":"de","potentialAction":[{"@type":"ReadAction","target":["https:\/\/globalsew.com\/product\/bt-1000-x-600-360\/"]}]},{"@type":"ImageObject","inLanguage":"de","@id":"https:\/\/globalsew.com\/product\/bt-1000-x-600-360\/#primaryimage","url":"https:\/\/globalsew.com\/wp-content\/uploads\/2024\/06\/products-BT-1000X600-05-global-1080-website-2024.jpg","contentUrl":"https:\/\/globalsew.com\/wp-content\/uploads\/2024\/06\/products-BT-1000X600-05-global-1080-website-2024.jpg","width":1819,"height":1080,"caption":"products-BT-1000X600-05-global-1080-website-2024"},{"@type":"BreadcrumbList","@id":"https:\/\/globalsew.com\/product\/bt-1000-x-600-360\/#breadcrumb","itemListElement":[{"@type":"ListItem","position":1,"name":"Home","item":"https:\/\/globalsew.com\/"},{"@type":"ListItem","position":2,"name":"Products","item":"https:\/\/globalsew.com\/products\/"},{"@type":"ListItem","position":3,"name":"BT 1000 X 600-360"}]},{"@type":"WebSite","@id":"https:\/\/globalsew.com\/#website","url":"https:\/\/globalsew.com\/","name":"Global International B.V.","description":"Industrielle N\u00e4hmaschinen","potentialAction":[{"@type":"SearchAction","target":{"@type":"EntryPoint","urlTemplate":"https:\/\/globalsew.com\/?s={search_term_string}"},"query-input":{"@type":"PropertyValueSpecification","valueRequired":true,"valueName":"search_term_string"}}],"inLanguage":"de"}]}},"_links":{"self":[{"href":"https:\/\/globalsew.com\/de\/wp-json\/wp\/v2\/product\/112312","targetHints":{"allow":["GET"]}}],"collection":[{"href":"https:\/\/globalsew.com\/de\/wp-json\/wp\/v2\/product"}],"about":[{"href":"https:\/\/globalsew.com\/de\/wp-json\/wp\/v2\/types\/product"}],"wp:featuredmedia":[{"embeddable":true,"href":"https:\/\/globalsew.com\/de\/wp-json\/wp\/v2\/media\/110233"}],"wp:attachment":[{"href":"https:\/\/globalsew.com\/de\/wp-json\/wp\/v2\/media?parent=112312"}],"wp:term":[{"taxonomy":"product_brand","embeddable":true,"href":"https:\/\/globalsew.com\/de\/wp-json\/wp\/v2\/product_brand?post=112312"},{"taxonomy":"product_cat","embeddable":true,"href":"https:\/\/globalsew.com\/de\/wp-json\/wp\/v2\/product_cat?post=112312"},{"taxonomy":"product_tag","embeddable":true,"href":"https:\/\/globalsew.com\/de\/wp-json\/wp\/v2\/product_tag?post=112312"}],"curies":[{"name":"wp","href":"https:\/\/api.w.org\/{rel}","templated":true}]}}