{"id":109644,"date":"2024-05-24T10:11:39","date_gmt":"2024-05-24T08:11:39","guid":{"rendered":"https:\/\/globalsew.com\/?post_type=product&#038;p=109644"},"modified":"2026-02-24T16:54:58","modified_gmt":"2026-02-24T15:54:58","slug":"wf-1510-45-dd-serie","status":"publish","type":"product","link":"https:\/\/globalsew.com\/de\/product\/wf-1510-45-dd-series\/","title":{"rendered":"WF 1510-45 Serie DD"},"content":{"rendered":"<p><strong>WF 1515-45 DD<\/strong><br \/>\n- Einnadel \"all in one\" Einnadel-Direktantrieb Einnadel-Fu\u00dfmaschine. Der Arbeitsbereich unter dem Arm betr\u00e4gt 45 cm. Die Maschine ist mit pneumatischer Verriegelung, pneumatischer Dr\u00fcckerfu\u00dfl\u00fcftung, Sicherheitskupplung f\u00fcr den gro\u00dfen Vertikalachsengreifer und vollautomatischer Schmierung ausgestattet.<br \/>\n<strong>WF 1515-45 DD-AUT<\/strong><br \/>\n- wie WF 1515-45 DD, jedoch als vollautomatische Version mit elektrischem Fadenabschneider, pneumatischer Verriegelung und pneumatischer Dr\u00fcckerfu\u00dfl\u00fcftung.<br \/>\n<strong>WF 1516-45 DD<\/strong><br \/>\n- Langarm-Doppelnadel-Gehfu\u00dfmaschine mit 9 mm Stichl\u00e4nge und alternierender Fu\u00dfhubeinstellung. Standard-Nadelst\u00e4rke 8 mm. Verschiedene Feinheitss\u00e4tze sind erh\u00e4ltlich. Die Maschine ist mit gro\u00dfen vertikalen Achsengreifern, pneumatischer Dr\u00fcckerfu\u00dfl\u00fcftung und Verriegelung ausgestattet. (45 cm Arbeitsraum).<br \/>\n<strong>WF 1516-45 DD-AUT<\/strong><br \/>\n- Wie WF 1516-45 DD, nur als vollautomatische Version mit elektrischem Fadenabschneider, pneumatischer Verriegelung und pneumatischer Dr\u00fcckerfu\u00dfl\u00fcftung.<\/p>\n<p>&nbsp;<\/p>","protected":false},"excerpt":{"rendered":"<p>WF 1515-45 DD &#8211; single needle \u201call in one\u201d direct drive single needle walking foot machine. Working space under the arm of 45 cm. Machine is equipped with pneumatic back tack, pneumatic presser foot lift, large vertical axis hook safety clutch and fully automatic lubrication. WF 1515-45 DD-AUT &#8211; same as WF 1515-45 DD, however [&hellip;]<\/p>\n","protected":false},"featured_media":115236,"template":"","meta":{"_acf_changed":false},"product_brand":[],"product_cat":[21,160,95,63,22,159],"product_tag":[],"class_list":{"0":"post-109644","1":"product","2":"type-product","3":"status-publish","4":"has-post-thumbnail","6":"product_cat-automotive","7":"product_cat-flat-bed-walking-foot-machine-walking-foot-upholstery","8":"product_cat-flat-bed-walking-foot-machine","9":"product_cat-upholstery","10":"product_cat-walking-foot","11":"product_cat-walking-foot-upholstery","12":"tm-has-options","14":"first","15":"instock","16":"shipping-taxable","17":"purchasable","18":"product-type-simple"},"acf":[],"gallery_images":[115238,115239,115240],"yoast_head":"<!-- This site is optimized with the Yoast SEO plugin v27.3 - https:\/\/yoast.com\/product\/yoast-seo-wordpress\/ -->\n<title>WF 1510-45 DD series - Global International B.V.<\/title>\n<meta name=\"robots\" content=\"index, follow, max-snippet:-1, max-image-preview:large, max-video-preview:-1\" \/>\n<link rel=\"canonical\" href=\"https:\/\/globalsew.com\/de\/produkt\/wf-1510-45-dd-serie\/\" \/>\n<meta property=\"og:locale\" content=\"de_DE\" \/>\n<meta property=\"og:type\" content=\"article\" \/>\n<meta property=\"og:title\" content=\"WF 1510-45 DD series - Global International B.V.\" \/>\n<meta property=\"og:description\" content=\"WF 1515-45 DD &#8211; single needle \u201call in one\u201d direct drive single needle walking foot machine. Working space under the arm of 45 cm. Machine is equipped with pneumatic back tack, pneumatic presser foot lift, large vertical axis hook safety clutch and fully automatic lubrication. WF 1515-45 DD-AUT &#8211; same as WF 1515-45 DD, however [&hellip;]\" \/>\n<meta property=\"og:url\" content=\"https:\/\/globalsew.com\/de\/produkt\/wf-1510-45-dd-serie\/\" \/>\n<meta property=\"og:site_name\" content=\"Global International B.V.\" \/>\n<meta property=\"article:modified_time\" content=\"2026-02-24T15:54:58+00:00\" \/>\n<meta property=\"og:image\" content=\"https:\/\/globalsew.com\/wp-content\/uploads\/2024\/05\/products-wf-1516-45-dd-01-global-1080-website-2024.jpg\" \/>\n\t<meta property=\"og:image:width\" content=\"1819\" \/>\n\t<meta property=\"og:image:height\" content=\"1080\" \/>\n\t<meta property=\"og:image:type\" content=\"image\/jpeg\" \/>\n<meta name=\"twitter:card\" content=\"summary_large_image\" \/>\n<meta name=\"twitter:label1\" content=\"Gesch\u00e4tzte Lesezeit\" \/>\n\t<meta name=\"twitter:data1\" content=\"1\u00a0Minute\" \/>\n<script type=\"application\/ld+json\" class=\"yoast-schema-graph\">{\"@context\":\"https:\\\/\\\/schema.org\",\"@graph\":[{\"@type\":\"WebPage\",\"@id\":\"https:\\\/\\\/globalsew.com\\\/product\\\/wf-1510-45-dd-series\\\/\",\"url\":\"https:\\\/\\\/globalsew.com\\\/product\\\/wf-1510-45-dd-series\\\/\",\"name\":\"WF 1510-45 DD series - Global International B.V.\",\"isPartOf\":{\"@id\":\"https:\\\/\\\/globalsew.com\\\/#website\"},\"primaryImageOfPage\":{\"@id\":\"https:\\\/\\\/globalsew.com\\\/product\\\/wf-1510-45-dd-series\\\/#primaryimage\"},\"image\":{\"@id\":\"https:\\\/\\\/globalsew.com\\\/product\\\/wf-1510-45-dd-series\\\/#primaryimage\"},\"thumbnailUrl\":\"https:\\\/\\\/globalsew.com\\\/wp-content\\\/uploads\\\/2024\\\/05\\\/products-wf-1516-45-dd-01-global-1080-website-2024.jpg\",\"datePublished\":\"2024-05-24T08:11:39+00:00\",\"dateModified\":\"2026-02-24T15:54:58+00:00\",\"breadcrumb\":{\"@id\":\"https:\\\/\\\/globalsew.com\\\/product\\\/wf-1510-45-dd-series\\\/#breadcrumb\"},\"inLanguage\":\"de\",\"potentialAction\":[{\"@type\":\"ReadAction\",\"target\":[\"https:\\\/\\\/globalsew.com\\\/product\\\/wf-1510-45-dd-series\\\/\"]}]},{\"@type\":\"ImageObject\",\"inLanguage\":\"de\",\"@id\":\"https:\\\/\\\/globalsew.com\\\/product\\\/wf-1510-45-dd-series\\\/#primaryimage\",\"url\":\"https:\\\/\\\/globalsew.com\\\/wp-content\\\/uploads\\\/2024\\\/05\\\/products-wf-1516-45-dd-01-global-1080-website-2024.jpg\",\"contentUrl\":\"https:\\\/\\\/globalsew.com\\\/wp-content\\\/uploads\\\/2024\\\/05\\\/products-wf-1516-45-dd-01-global-1080-website-2024.jpg\",\"width\":1819,\"height\":1080},{\"@type\":\"BreadcrumbList\",\"@id\":\"https:\\\/\\\/globalsew.com\\\/product\\\/wf-1510-45-dd-series\\\/#breadcrumb\",\"itemListElement\":[{\"@type\":\"ListItem\",\"position\":1,\"name\":\"Home\",\"item\":\"https:\\\/\\\/globalsew.com\\\/\"},{\"@type\":\"ListItem\",\"position\":2,\"name\":\"Products\",\"item\":\"https:\\\/\\\/globalsew.com\\\/products\\\/\"},{\"@type\":\"ListItem\",\"position\":3,\"name\":\"WF 1510-45 DD series\"}]},{\"@type\":\"WebSite\",\"@id\":\"https:\\\/\\\/globalsew.com\\\/#website\",\"url\":\"https:\\\/\\\/globalsew.com\\\/\",\"name\":\"Global International B.V.\",\"description\":\"Industrial Sewing Machines\",\"potentialAction\":[{\"@type\":\"SearchAction\",\"target\":{\"@type\":\"EntryPoint\",\"urlTemplate\":\"https:\\\/\\\/globalsew.com\\\/?s={search_term_string}\"},\"query-input\":{\"@type\":\"PropertyValueSpecification\",\"valueRequired\":true,\"valueName\":\"search_term_string\"}}],\"inLanguage\":\"de\"}]}<\/script>\n<!-- \/ Yoast SEO plugin. -->","yoast_head_json":{"title":"WF 1510-45 DD-Serie - Global International B.V.","robots":{"index":"index","follow":"follow","max-snippet":"max-snippet:-1","max-image-preview":"max-image-preview:large","max-video-preview":"max-video-preview:-1"},"canonical":"https:\/\/globalsew.com\/de\/produkt\/wf-1510-45-dd-serie\/","og_locale":"de_DE","og_type":"article","og_title":"WF 1510-45 DD series - Global International B.V.","og_description":"WF 1515-45 DD &#8211; single needle \u201call in one\u201d direct drive single needle walking foot machine. Working space under the arm of 45 cm. Machine is equipped with pneumatic back tack, pneumatic presser foot lift, large vertical axis hook safety clutch and fully automatic lubrication. WF 1515-45 DD-AUT &#8211; same as WF 1515-45 DD, however [&hellip;]","og_url":"https:\/\/globalsew.com\/de\/produkt\/wf-1510-45-dd-serie\/","og_site_name":"Global International B.V.","article_modified_time":"2026-02-24T15:54:58+00:00","og_image":[{"width":1819,"height":1080,"url":"https:\/\/globalsew.com\/wp-content\/uploads\/2024\/05\/products-wf-1516-45-dd-01-global-1080-website-2024.jpg","type":"image\/jpeg"}],"twitter_card":"summary_large_image","twitter_misc":{"Gesch\u00e4tzte Lesezeit":"1\u00a0Minute"},"schema":{"@context":"https:\/\/schema.org","@graph":[{"@type":"WebPage","@id":"https:\/\/globalsew.com\/product\/wf-1510-45-dd-series\/","url":"https:\/\/globalsew.com\/product\/wf-1510-45-dd-series\/","name":"WF 1510-45 DD-Serie - Global International B.V.","isPartOf":{"@id":"https:\/\/globalsew.com\/#website"},"primaryImageOfPage":{"@id":"https:\/\/globalsew.com\/product\/wf-1510-45-dd-series\/#primaryimage"},"image":{"@id":"https:\/\/globalsew.com\/product\/wf-1510-45-dd-series\/#primaryimage"},"thumbnailUrl":"https:\/\/globalsew.com\/wp-content\/uploads\/2024\/05\/products-wf-1516-45-dd-01-global-1080-website-2024.jpg","datePublished":"2024-05-24T08:11:39+00:00","dateModified":"2026-02-24T15:54:58+00:00","breadcrumb":{"@id":"https:\/\/globalsew.com\/product\/wf-1510-45-dd-series\/#breadcrumb"},"inLanguage":"de","potentialAction":[{"@type":"ReadAction","target":["https:\/\/globalsew.com\/product\/wf-1510-45-dd-series\/"]}]},{"@type":"ImageObject","inLanguage":"de","@id":"https:\/\/globalsew.com\/product\/wf-1510-45-dd-series\/#primaryimage","url":"https:\/\/globalsew.com\/wp-content\/uploads\/2024\/05\/products-wf-1516-45-dd-01-global-1080-website-2024.jpg","contentUrl":"https:\/\/globalsew.com\/wp-content\/uploads\/2024\/05\/products-wf-1516-45-dd-01-global-1080-website-2024.jpg","width":1819,"height":1080},{"@type":"BreadcrumbList","@id":"https:\/\/globalsew.com\/product\/wf-1510-45-dd-series\/#breadcrumb","itemListElement":[{"@type":"ListItem","position":1,"name":"Home","item":"https:\/\/globalsew.com\/"},{"@type":"ListItem","position":2,"name":"Products","item":"https:\/\/globalsew.com\/products\/"},{"@type":"ListItem","position":3,"name":"WF 1510-45 DD series"}]},{"@type":"WebSite","@id":"https:\/\/globalsew.com\/#website","url":"https:\/\/globalsew.com\/","name":"Global International B.V.","description":"Industrielle N\u00e4hmaschinen","potentialAction":[{"@type":"SearchAction","target":{"@type":"EntryPoint","urlTemplate":"https:\/\/globalsew.com\/?s={search_term_string}"},"query-input":{"@type":"PropertyValueSpecification","valueRequired":true,"valueName":"search_term_string"}}],"inLanguage":"de"}]}},"_links":{"self":[{"href":"https:\/\/globalsew.com\/de\/wp-json\/wp\/v2\/product\/109644","targetHints":{"allow":["GET"]}}],"collection":[{"href":"https:\/\/globalsew.com\/de\/wp-json\/wp\/v2\/product"}],"about":[{"href":"https:\/\/globalsew.com\/de\/wp-json\/wp\/v2\/types\/product"}],"wp:featuredmedia":[{"embeddable":true,"href":"https:\/\/globalsew.com\/de\/wp-json\/wp\/v2\/media\/115236"}],"wp:attachment":[{"href":"https:\/\/globalsew.com\/de\/wp-json\/wp\/v2\/media?parent=109644"}],"wp:term":[{"taxonomy":"product_brand","embeddable":true,"href":"https:\/\/globalsew.com\/de\/wp-json\/wp\/v2\/product_brand?post=109644"},{"taxonomy":"product_cat","embeddable":true,"href":"https:\/\/globalsew.com\/de\/wp-json\/wp\/v2\/product_cat?post=109644"},{"taxonomy":"product_tag","embeddable":true,"href":"https:\/\/globalsew.com\/de\/wp-json\/wp\/v2\/product_tag?post=109644"}],"curies":[{"name":"wp","href":"https:\/\/api.w.org\/{rel}","templated":true}]}}