{"id":109458,"date":"2024-05-15T10:46:32","date_gmt":"2024-05-15T08:46:32","guid":{"rendered":"https:\/\/globalsew.com\/?post_type=product&#038;p=109458"},"modified":"2024-05-22T09:14:36","modified_gmt":"2024-05-22T07:14:36","slug":"hd-serie","status":"publish","type":"product","link":"https:\/\/globalsew.com\/de\/product\/hd-series\/","title":{"rendered":"HD-Reihe"},"content":{"rendered":"<p>HD Serie - Ho Hsing Direktantriebsmotor f\u00fcr Overlock und Interlock<\/p>\n<p>Die HD40-Serie ist der Ersatz f\u00fcr die GD40-Serie. F\u00fcr weniger Vibrationen und einen ruhigeren Lauf Ihrer Overlockmaschine wird ein direkt angetriebener Mini-Motor direkt auf die Antriebswelle Ihrer Overlockmaschine montiert. Ein separater HD40-Steuerkasten wird unter dem Tisch montiert. Eine spezielle Halterung, die zu Ihrem Maschinenmodell passt, ist im Set enthalten. Ein N\u00e4hfu\u00df kann pneumatisch gel\u00fcftet werden, und in Kombination mit einer Fotozelle kann die HD40-Serie die Luftansaugung zu Beginn und am Ende des N\u00e4hvorgangs steuern (Luftsparen) und einen Bandschneider steuern.<\/p>\n<p>Verf\u00fcgbare Modelle:<\/p>\n<p><strong>DDOV67 -\u00a0<\/strong>DD-Set HD 40-3-67-220 f\u00fcr Juki MO 6700 \/ 6900 Serie<br \/>\n<strong>DDOV68 -\u00a0<\/strong>DD-Set HD 40-3-68-220 f\u00fcr Juki MO 6500 \/ 6800 Serie<br \/>\n<strong>DDOVAZ -\u00a0<\/strong>DD Satz HD 40-3-AZ-220 f\u00fcr Yamato AZ \/ CZ Serie<br \/>\n<strong>DDOVEX -\u00a0<\/strong>DD-Satz HD 40-3-EX-220 f\u00fcr Pegasus<\/p>\n<p>&nbsp;<\/p>\n<p>&nbsp;<\/p>\n<p><img decoding=\"async\" class=\"alignnone size-full wp-image-94846\" src=\"https:\/\/globalsew.com\/wp-content\/uploads\/2018\/03\/iso-xs-global.jpg\" alt=\"\" width=\"73\" height=\"68\" \/>\u00a0<img decoding=\"async\" class=\"alignnone size-full wp-image-94845\" src=\"https:\/\/globalsew.com\/wp-content\/uploads\/2018\/03\/rohs-xs-global.jpg\" alt=\"\" width=\"73\" height=\"68\" \/>\u00a0<img decoding=\"async\" class=\"alignnone size-full wp-image-94794\" src=\"https:\/\/globalsew.com\/wp-content\/uploads\/2017\/04\/eac-xs-global.jpg\" alt=\"\" width=\"73\" height=\"68\" \/>\u00a0<img loading=\"lazy\" decoding=\"async\" class=\"alignnone size-full wp-image-94793\" src=\"https:\/\/globalsew.com\/wp-content\/uploads\/2017\/04\/ce-xs-global.jpg\" alt=\"\" width=\"73\" height=\"68\" \/><\/p>","protected":false},"excerpt":{"rendered":"<div class=\"row\">\n<div class=\"col-md-6\"><a class=\"download-button\" href=\"https:\/\/globalsew.com\/wp-content\/uploads\/2017\/03\/Ho-Hsing-brochure.pdf\" target=\"_blank\" rel=\"noopener\">Merkblatt herunterladen<\/a><\/div>\n<\/div>","protected":false},"featured_media":104991,"template":"","meta":{"_acf_changed":false},"product_brand":[],"product_cat":[378,26,141],"product_tag":[],"class_list":{"0":"post-109458","1":"product","2":"type-product","3":"status-publish","4":"has-post-thumbnail","6":"product_cat-ho-hsing-servomotors","7":"product_cat-miscellaneous","8":"product_cat-motors","9":"tm-has-options","11":"first","12":"instock","13":"shipping-taxable","14":"purchasable","15":"product-type-simple"},"acf":[],"gallery_images":[],"yoast_head":"<!-- This site is optimized with the Yoast SEO plugin v27.3 - https:\/\/yoast.com\/product\/yoast-seo-wordpress\/ -->\n<title>HD series - Global International B.V.<\/title>\n<meta name=\"robots\" content=\"index, follow, max-snippet:-1, max-image-preview:large, max-video-preview:-1\" \/>\n<link rel=\"canonical\" href=\"https:\/\/globalsew.com\/de\/produkt\/hd-serie\/\" \/>\n<meta property=\"og:locale\" content=\"de_DE\" \/>\n<meta property=\"og:type\" content=\"article\" \/>\n<meta property=\"og:title\" content=\"HD series - Global International B.V.\" \/>\n<meta property=\"og:description\" content=\"Download Leaflet\" \/>\n<meta property=\"og:url\" content=\"https:\/\/globalsew.com\/de\/produkt\/hd-serie\/\" \/>\n<meta property=\"og:site_name\" content=\"Global International B.V.\" \/>\n<meta property=\"article:modified_time\" content=\"2024-05-22T07:14:36+00:00\" \/>\n<meta property=\"og:image\" content=\"https:\/\/globalsew.com\/wp-content\/uploads\/2024\/02\/hohsing-ov-control-motor-gloval-copy-scaled.jpg\" \/>\n\t<meta property=\"og:image:width\" content=\"2560\" \/>\n\t<meta property=\"og:image:height\" content=\"1707\" \/>\n\t<meta property=\"og:image:type\" content=\"image\/jpeg\" \/>\n<meta name=\"twitter:card\" content=\"summary_large_image\" \/>\n<meta name=\"twitter:label1\" content=\"Gesch\u00e4tzte Lesezeit\" \/>\n\t<meta name=\"twitter:data1\" content=\"2\u00a0Minuten\" \/>\n<script type=\"application\/ld+json\" class=\"yoast-schema-graph\">{\"@context\":\"https:\\\/\\\/schema.org\",\"@graph\":[{\"@type\":\"WebPage\",\"@id\":\"https:\\\/\\\/globalsew.com\\\/product\\\/hd-series\\\/\",\"url\":\"https:\\\/\\\/globalsew.com\\\/product\\\/hd-series\\\/\",\"name\":\"HD series - Global International B.V.\",\"isPartOf\":{\"@id\":\"https:\\\/\\\/globalsew.com\\\/#website\"},\"primaryImageOfPage\":{\"@id\":\"https:\\\/\\\/globalsew.com\\\/product\\\/hd-series\\\/#primaryimage\"},\"image\":{\"@id\":\"https:\\\/\\\/globalsew.com\\\/product\\\/hd-series\\\/#primaryimage\"},\"thumbnailUrl\":\"https:\\\/\\\/globalsew.com\\\/wp-content\\\/uploads\\\/2024\\\/02\\\/hohsing-ov-control-motor-gloval-copy-scaled.jpg\",\"datePublished\":\"2024-05-15T08:46:32+00:00\",\"dateModified\":\"2024-05-22T07:14:36+00:00\",\"breadcrumb\":{\"@id\":\"https:\\\/\\\/globalsew.com\\\/product\\\/hd-series\\\/#breadcrumb\"},\"inLanguage\":\"de\",\"potentialAction\":[{\"@type\":\"ReadAction\",\"target\":[\"https:\\\/\\\/globalsew.com\\\/product\\\/hd-series\\\/\"]}]},{\"@type\":\"ImageObject\",\"inLanguage\":\"de\",\"@id\":\"https:\\\/\\\/globalsew.com\\\/product\\\/hd-series\\\/#primaryimage\",\"url\":\"https:\\\/\\\/globalsew.com\\\/wp-content\\\/uploads\\\/2024\\\/02\\\/hohsing-ov-control-motor-gloval-copy-scaled.jpg\",\"contentUrl\":\"https:\\\/\\\/globalsew.com\\\/wp-content\\\/uploads\\\/2024\\\/02\\\/hohsing-ov-control-motor-gloval-copy-scaled.jpg\",\"width\":2560,\"height\":1707},{\"@type\":\"BreadcrumbList\",\"@id\":\"https:\\\/\\\/globalsew.com\\\/product\\\/hd-series\\\/#breadcrumb\",\"itemListElement\":[{\"@type\":\"ListItem\",\"position\":1,\"name\":\"Home\",\"item\":\"https:\\\/\\\/globalsew.com\\\/\"},{\"@type\":\"ListItem\",\"position\":2,\"name\":\"Products\",\"item\":\"https:\\\/\\\/globalsew.com\\\/products\\\/\"},{\"@type\":\"ListItem\",\"position\":3,\"name\":\"HD series\"}]},{\"@type\":\"WebSite\",\"@id\":\"https:\\\/\\\/globalsew.com\\\/#website\",\"url\":\"https:\\\/\\\/globalsew.com\\\/\",\"name\":\"Global International B.V.\",\"description\":\"Industrial Sewing Machines\",\"potentialAction\":[{\"@type\":\"SearchAction\",\"target\":{\"@type\":\"EntryPoint\",\"urlTemplate\":\"https:\\\/\\\/globalsew.com\\\/?s={search_term_string}\"},\"query-input\":{\"@type\":\"PropertyValueSpecification\",\"valueRequired\":true,\"valueName\":\"search_term_string\"}}],\"inLanguage\":\"de\"}]}<\/script>\n<!-- \/ Yoast SEO plugin. -->","yoast_head_json":{"title":"Baureihe HD - Global International B.V.","robots":{"index":"index","follow":"follow","max-snippet":"max-snippet:-1","max-image-preview":"max-image-preview:large","max-video-preview":"max-video-preview:-1"},"canonical":"https:\/\/globalsew.com\/de\/produkt\/hd-serie\/","og_locale":"de_DE","og_type":"article","og_title":"HD series - Global International B.V.","og_description":"Download Leaflet","og_url":"https:\/\/globalsew.com\/de\/produkt\/hd-serie\/","og_site_name":"Global International B.V.","article_modified_time":"2024-05-22T07:14:36+00:00","og_image":[{"width":2560,"height":1707,"url":"https:\/\/globalsew.com\/wp-content\/uploads\/2024\/02\/hohsing-ov-control-motor-gloval-copy-scaled.jpg","type":"image\/jpeg"}],"twitter_card":"summary_large_image","twitter_misc":{"Gesch\u00e4tzte Lesezeit":"2\u00a0Minuten"},"schema":{"@context":"https:\/\/schema.org","@graph":[{"@type":"WebPage","@id":"https:\/\/globalsew.com\/product\/hd-series\/","url":"https:\/\/globalsew.com\/product\/hd-series\/","name":"Baureihe HD - Global International B.V.","isPartOf":{"@id":"https:\/\/globalsew.com\/#website"},"primaryImageOfPage":{"@id":"https:\/\/globalsew.com\/product\/hd-series\/#primaryimage"},"image":{"@id":"https:\/\/globalsew.com\/product\/hd-series\/#primaryimage"},"thumbnailUrl":"https:\/\/globalsew.com\/wp-content\/uploads\/2024\/02\/hohsing-ov-control-motor-gloval-copy-scaled.jpg","datePublished":"2024-05-15T08:46:32+00:00","dateModified":"2024-05-22T07:14:36+00:00","breadcrumb":{"@id":"https:\/\/globalsew.com\/product\/hd-series\/#breadcrumb"},"inLanguage":"de","potentialAction":[{"@type":"ReadAction","target":["https:\/\/globalsew.com\/product\/hd-series\/"]}]},{"@type":"ImageObject","inLanguage":"de","@id":"https:\/\/globalsew.com\/product\/hd-series\/#primaryimage","url":"https:\/\/globalsew.com\/wp-content\/uploads\/2024\/02\/hohsing-ov-control-motor-gloval-copy-scaled.jpg","contentUrl":"https:\/\/globalsew.com\/wp-content\/uploads\/2024\/02\/hohsing-ov-control-motor-gloval-copy-scaled.jpg","width":2560,"height":1707},{"@type":"BreadcrumbList","@id":"https:\/\/globalsew.com\/product\/hd-series\/#breadcrumb","itemListElement":[{"@type":"ListItem","position":1,"name":"Home","item":"https:\/\/globalsew.com\/"},{"@type":"ListItem","position":2,"name":"Products","item":"https:\/\/globalsew.com\/products\/"},{"@type":"ListItem","position":3,"name":"HD series"}]},{"@type":"WebSite","@id":"https:\/\/globalsew.com\/#website","url":"https:\/\/globalsew.com\/","name":"Global International B.V.","description":"Industrielle N\u00e4hmaschinen","potentialAction":[{"@type":"SearchAction","target":{"@type":"EntryPoint","urlTemplate":"https:\/\/globalsew.com\/?s={search_term_string}"},"query-input":{"@type":"PropertyValueSpecification","valueRequired":true,"valueName":"search_term_string"}}],"inLanguage":"de"}]}},"_links":{"self":[{"href":"https:\/\/globalsew.com\/de\/wp-json\/wp\/v2\/product\/109458","targetHints":{"allow":["GET"]}}],"collection":[{"href":"https:\/\/globalsew.com\/de\/wp-json\/wp\/v2\/product"}],"about":[{"href":"https:\/\/globalsew.com\/de\/wp-json\/wp\/v2\/types\/product"}],"wp:featuredmedia":[{"embeddable":true,"href":"https:\/\/globalsew.com\/de\/wp-json\/wp\/v2\/media\/104991"}],"wp:attachment":[{"href":"https:\/\/globalsew.com\/de\/wp-json\/wp\/v2\/media?parent=109458"}],"wp:term":[{"taxonomy":"product_brand","embeddable":true,"href":"https:\/\/globalsew.com\/de\/wp-json\/wp\/v2\/product_brand?post=109458"},{"taxonomy":"product_cat","embeddable":true,"href":"https:\/\/globalsew.com\/de\/wp-json\/wp\/v2\/product_cat?post=109458"},{"taxonomy":"product_tag","embeddable":true,"href":"https:\/\/globalsew.com\/de\/wp-json\/wp\/v2\/product_tag?post=109458"}],"curies":[{"name":"wp","href":"https:\/\/api.w.org\/{rel}","templated":true}]}}